{"id":920,"date":"2026-01-12T09:33:59","date_gmt":"2026-01-12T08:33:59","guid":{"rendered":"https:\/\/thedockbreda.nl\/?page_id=920"},"modified":"2026-01-12T12:57:54","modified_gmt":"2026-01-12T11:57:54","slug":"besuch-vor-ort","status":"publish","type":"page","link":"https:\/\/thedockbreda.nl\/de\/locatie-bezoek\/","title":{"rendered":"Besichtigung vor Ort"},"content":{"rendered":"<div data-elementor-type=\"wp-page\" data-elementor-id=\"920\" class=\"elementor elementor-920\" data-elementor-post-type=\"page\">\n\t\t\t\t<div class=\"elementor-element elementor-element-3d9e76d e-flex e-con-boxed e-con e-parent\" data-id=\"3d9e76d\" data-element_type=\"container\" data-e-type=\"container\" data-settings=\"{&quot;background_background&quot;:&quot;classic&quot;,&quot;jet_parallax_layout_list&quot;:[]}\">\n\t\t\t\t\t<div class=\"e-con-inner\">\n\t\t<div class=\"elementor-element elementor-element-865771c e-con-full e-flex e-con e-child\" data-id=\"865771c\" data-element_type=\"container\" data-e-type=\"container\" data-settings=\"{&quot;jet_parallax_layout_list&quot;:[]}\">\n\t\t<div class=\"elementor-element elementor-element-e9c60ea e-con-full e-flex e-con e-child\" data-id=\"e9c60ea\" data-element_type=\"container\" data-e-type=\"container\" data-settings=\"{&quot;jet_parallax_layout_list&quot;:[]}\">\n\t\t<div class=\"elementor-element elementor-element-69982c0 e-con-full e-flex e-con e-child\" data-id=\"69982c0\" data-element_type=\"container\" data-e-type=\"container\" data-settings=\"{&quot;jet_parallax_layout_list&quot;:[]}\">\n\t\t\t\t<div class=\"elementor-element elementor-element-361ba85 elementor-widget elementor-widget-heading\" data-id=\"361ba85\" data-element_type=\"widget\" data-e-type=\"widget\" data-widget_type=\"heading.default\">\n\t\t\t\t<div class=\"elementor-widget-container\">\n\t\t\t\t\t<h2 class=\"elementor-heading-title elementor-size-default\">Ihr gemeinsamer\nBesuch vor Ort\nzusammenstellen!<\/h2>\t\t\t\t<\/div>\n\t\t\t\t<\/div>\n\t\t\t\t<div class=\"elementor-element elementor-element-277d813 elementor-widget elementor-widget-text-editor\" data-id=\"277d813\" data-element_type=\"widget\" data-e-type=\"widget\" data-widget_type=\"text-editor.default\">\n\t\t\t\t<div class=\"elementor-widget-container\">\n\t\t\t\t\t\t\t\t\t<p>Wie sch\u00f6n, dass Sie unseren Veranstaltungsort besuchen, um sich inspirieren zu lassen und die M\u00f6glichkeiten zu entdecken! Um Ihren Besuch bestm\u00f6glich vorzubereiten, haben wir ein paar kurze Fragen zu Ihrer zuk\u00fcnftigen Veranstaltung f\u00fcr Sie. Auf diese Weise sorgen wir gemeinsam f\u00fcr einen perfekten Start!<\/p>\t\t\t\t\t\t\t\t<\/div>\n\t\t\t\t<\/div>\n\t\t\t\t<div class=\"elementor-element elementor-element-9869f4f elementor-widget elementor-widget-image\" data-id=\"9869f4f\" data-element_type=\"widget\" data-e-type=\"widget\" data-widget_type=\"image.default\">\n\t\t\t\t<div class=\"elementor-widget-container\">\n\t\t\t\t\t\t\t\t\t\t\t\t\t\t\t<img fetchpriority=\"high\" decoding=\"async\" width=\"800\" height=\"395\" src=\"https:\/\/thedockbreda.nl\/wp-content\/uploads\/2026\/01\/the-dock-1024x506.jpg\" class=\"attachment-large size-large wp-image-390\" alt=\"\" srcset=\"https:\/\/thedockbreda.nl\/wp-content\/uploads\/2026\/01\/the-dock-1024x506.jpg 1024w, https:\/\/thedockbreda.nl\/wp-content\/uploads\/2026\/01\/the-dock-300x148.jpg 300w, https:\/\/thedockbreda.nl\/wp-content\/uploads\/2026\/01\/the-dock-768x380.jpg 768w, https:\/\/thedockbreda.nl\/wp-content\/uploads\/2026\/01\/the-dock-1536x760.jpg 1536w, https:\/\/thedockbreda.nl\/wp-content\/uploads\/2026\/01\/the-dock-2048x1013.jpg 2048w\" sizes=\"(max-width: 800px) 100vw, 800px\" title=\"\">\t\t\t\t\t\t\t\t\t\t\t\t\t\t\t<\/div>\n\t\t\t\t<\/div>\n\t\t\t\t<\/div>\n\t\t<div class=\"elementor-element elementor-element-b5a8d25 e-con-full e-flex e-con e-child\" data-id=\"b5a8d25\" data-element_type=\"container\" data-e-type=\"container\" data-settings=\"{&quot;jet_parallax_layout_list&quot;:[]}\">\n\t\t\t\t<div class=\"elementor-element elementor-element-cfe91eb elementor-widget elementor-widget-jet-form-builder-form\" data-id=\"cfe91eb\" data-element_type=\"widget\" data-e-type=\"widget\" data-widget_type=\"jet-form-builder-form.default\">\n\t\t\t\t<div class=\"elementor-widget-container\">\n\t\t\t\t\t<link rel='stylesheet' id='wp-block-library-css' href='https:\/\/thedockbreda.nl\/wp-includes\/css\/dist\/block-library\/style.min.css?ver=1a164965871d27dd33b121f7939d56d0' media='all' \/>\n<style id=\"jet-form-builder-924-inline-css\"><\/style><form  class=\"jet-form-builder layout-column submit-type-reload\" action=\"https:\/\/thedockbreda.nl\/de\/wp-json\/wp\/v2\/pages\/920\/?GRH3dY=ygKqFWKc6n&#038;method=reload\" method=\"POST\" data-form-id=\"924\" data-layout=\"column\" enctype=\"multipart\/form-data\" data-clear=\"1\" novalidate=\"null\" ssr_validation_method=\"rest\" data-trp-original-action=\"https:\/\/thedockbreda.nl\/de\/wp-json\/wp\/v2\/pages\/920\/?GRH3dY=ygKqFWKc6n&amp;method=reload\">\r\n<input type=\"hidden\" name=\"_jfb_current_render_states[]\" value=\"DEFAULT.STATE\" data-jfb-sync \/><input type=\"hidden\" class=\"jet-form-builder__field hidden-field\" name=\"_jet_engine_booking_form_id\" data-field-name=\"_jet_engine_booking_form_id\" value=\"924\">\n<input type=\"hidden\" class=\"jet-form-builder__field hidden-field\" name=\"_jet_engine_refer\" data-field-name=\"_jet_engine_refer\" value=\"https:\/\/thedockbreda.nl\/de\/wp-json\/wp\/v2\/pages\/920\/\">\n<input type=\"hidden\" class=\"jet-form-builder__field hidden-field\" name=\"__queried_post_id\" data-field-name=\"__queried_post_id\" value=\"920\">\n<div  class=\"jet-form-builder-row field-type-text-field\" >\n<div class=\"jet-form-builder__label\">\r\n<div class=\"jet-form-builder__label-text\">Name<\/div><\/div><div class=\"jet-form-builder__field-wrap\">\n\t\t\t\t<input name=\"naam\" id=\"naam\" type=\"text\" data-field-name=\"naam\" class=\"jet-form-builder__field text-field\" data-jfb-sync=\"null\" autocomplete=\"off_29zEC0ex\">\n\t\t\t\t\t<\/div>\n<\/div>\n\n<div  class=\"jet-form-builder-row field-type-text-field\" >\n<div class=\"jet-form-builder__label\">\r\n<div class=\"jet-form-builder__label-text\">Name des Unternehmens<\/div><\/div><div class=\"jet-form-builder__field-wrap\">\n\t\t\t\t<input name=\"bedrijfsnaam\" id=\"bedrijfsnaam\" type=\"text\" data-field-name=\"bedrijfsnaam\" class=\"jet-form-builder__field text-field\" data-jfb-sync=\"null\" autocomplete=\"off_FsrSJNoL\">\n\t\t\t\t\t<\/div>\n<\/div>\n\n<div  class=\"jet-form-builder-row field-type-text-field\" >\n<div class=\"jet-form-builder__label\">\r\n<div class=\"jet-form-builder__label-text\">Welche Art von Veranstaltung veranstalten Sie?<\/div><\/div><div class=\"jet-form-builder__field-wrap\">\n\t\t\t\t<input name=\"type_event\" id=\"type_event\" type=\"text\" data-field-name=\"type_event\" class=\"jet-form-builder__field text-field\" data-jfb-sync=\"null\" autocomplete=\"off_2aGMPSq7\">\n\t\t\t\t\t<\/div>\n<\/div>\n\n<div  class=\"jet-form-builder-row field-type-date-field\" >\n<div class=\"jet-form-builder__label\">\r\n<div class=\"jet-form-builder__label-text\">Welches ist das gew\u00fcnschte Datum der Veranstaltung?<\/div><\/div><input class=\"jet-form-builder__field date-field\" name=\"date\" type=\"date\" data-field-name=\"date\" id=\"date\" data-jfb-sync=\"null\">\n<\/div>\n\n<div  class=\"jet-form-builder-row field-type-text-field\" >\n<div class=\"jet-form-builder__label\">\r\n<div class=\"jet-form-builder__label-text\">Wie viele Personen werden voraussichtlich an der Veranstaltung teilnehmen?<\/div><\/div><div class=\"jet-form-builder__field-wrap\">\n\t\t\t\t<input name=\"aantal\" id=\"aantal\" type=\"text\" data-field-name=\"aantal\" class=\"jet-form-builder__field text-field\" data-jfb-sync=\"null\" autocomplete=\"off_8VtdHADC\">\n\t\t\t\t\t<\/div>\n<\/div>\n\n<div  class=\"jet-form-builder-row field-type-date-field\" >\n<div class=\"jet-form-builder__label\">\r\n<div class=\"jet-form-builder__label-text\">Welches ist der bevorzugte Termin f\u00fcr die Besichtigung?<\/div><\/div><input class=\"jet-form-builder__field date-field\" name=\"date_copy\" type=\"date\" data-field-name=\"date_copy\" id=\"date_copy\" data-jfb-sync=\"null\">\n<\/div>\n\n<div  class=\"jet-form-builder-row field-type-text-field\" >\n<div class=\"jet-form-builder__label\">\r\n<div class=\"jet-form-builder__label-text\">E-Mail<\/div><\/div><div class=\"jet-form-builder__field-wrap\">\n\t\t\t\t<input name=\"email\" id=\"email\" type=\"email\" data-field-name=\"email\" class=\"jet-form-builder__field text-field\" data-jfb-sync=\"null\" autocomplete=\"off_P0mA8e1K\">\n\t\t\t\t\t<\/div>\n<\/div>\n\n<div  class=\"jet-form-builder-row field-type-text-field\" >\n<div class=\"jet-form-builder__label\">\r\n<div class=\"jet-form-builder__label-text\">Rufnummer<\/div><\/div><div class=\"jet-form-builder__field-wrap\">\n\t\t\t\t<input name=\"telefoonnummer\" id=\"telefoonnummer\" type=\"text\" data-field-name=\"telefoonnummer\" class=\"jet-form-builder__field text-field\" data-jfb-sync=\"null\" autocomplete=\"off_vSxqhkc3\">\n\t\t\t\t\t<\/div>\n<\/div>\n\n<input type=\"hidden\" class=\"captcha-token\" name=\"_captcha_token\" value=\"\"\/><div  class=\"jet-form-builder-row field-type-submit-field\" >\n\t<div data-type=\"submit\" class=\"jet-form-builder__action-button-wrapper jet-form-builder__submit-wrap\">\n\t<button class=\"jet-form-builder__action-button jet-form-builder__submit submit-type-reload\" type=\"submit\">Versand<\/button>\n\t<\/div>\n\t\n<\/div>\t<div class=\"jet-form-builder-messages-wrap\" data-form-id=\"924\"><\/div>\n<input type=\"hidden\" name=\"trp-form-language\" value=\"de\"\/><\/form>\n\t\t\t\t<\/div>\n\t\t\t\t<\/div>\n\t\t\t\t<\/div>\n\t\t\t\t<\/div>\n\t\t\t\t<\/div>\n\t\t\t\t\t<\/div>\n\t\t\t\t<\/div>\n\t\t\t\t<\/div>","protected":false},"excerpt":{"rendered":"<p>Samen jouw locatiebezoek samenstellen! Wat leuk dat je onze locatie wilt bezoeken om inspiratie op te doen en de mogelijkheden te ontdekken! Om jouw bezoek optimaal voor te bereiden, hebben we een paar korte vragen voor je over jouw toekomstige event. Zo zorgen we samen voor een perfect startpunt! Naam Bedrijfsnaam Wat voor type event [&hellip;]<\/p>\n","protected":false},"author":1,"featured_media":0,"parent":0,"menu_order":0,"comment_status":"closed","ping_status":"closed","template":"elementor_header_footer","meta":{"footnotes":""},"class_list":["post-920","page","type-page","status-publish","hentry"],"_links":{"self":[{"href":"https:\/\/thedockbreda.nl\/de\/wp-json\/wp\/v2\/pages\/920","targetHints":{"allow":["GET"]}}],"collection":[{"href":"https:\/\/thedockbreda.nl\/de\/wp-json\/wp\/v2\/pages"}],"about":[{"href":"https:\/\/thedockbreda.nl\/de\/wp-json\/wp\/v2\/types\/page"}],"author":[{"embeddable":true,"href":"https:\/\/thedockbreda.nl\/de\/wp-json\/wp\/v2\/users\/1"}],"replies":[{"embeddable":true,"href":"https:\/\/thedockbreda.nl\/de\/wp-json\/wp\/v2\/comments?post=920"}],"version-history":[{"count":39,"href":"https:\/\/thedockbreda.nl\/de\/wp-json\/wp\/v2\/pages\/920\/revisions"}],"predecessor-version":[{"id":1086,"href":"https:\/\/thedockbreda.nl\/de\/wp-json\/wp\/v2\/pages\/920\/revisions\/1086"}],"wp:attachment":[{"href":"https:\/\/thedockbreda.nl\/de\/wp-json\/wp\/v2\/media?parent=920"}],"curies":[{"name":"wp","href":"https:\/\/api.w.org\/{rel}","templated":true}]}}